{"id":2893,"date":"2022-02-06T13:31:11","date_gmt":"2022-02-06T12:31:11","guid":{"rendered":"https:\/\/wpviking.agency\/web-brief\/brief-submission-successful\/"},"modified":"2022-09-14T16:38:38","modified_gmt":"2022-09-14T14:38:38","slug":"brief-submission-successful","status":"publish","type":"page","link":"https:\/\/wpviking.agency\/en\/web-brief\/brief-submission-successful\/","title":{"rendered":"Brief submission successful"},"content":{"rendered":"\t\t<div data-elementor-type=\"wp-page\" data-elementor-id=\"2893\" class=\"elementor elementor-2893 elementor-1750\" data-elementor-post-type=\"page\">\n\t\t\t\t\t\t<section class=\"elementor-section elementor-top-section elementor-element elementor-element-9909746 elementor-section-content-middle elementor-section-height-full elementor-section-boxed elementor-section-height-default elementor-section-items-middle\" data-id=\"9909746\" data-element_type=\"section\" data-e-type=\"section\" data-settings=\"{&quot;jet_parallax_layout_list&quot;:[]}\">\n\t\t\t\t\t\t<div class=\"elementor-container elementor-column-gap-default\">\n\t\t\t\t\t<div class=\"elementor-column elementor-col-100 elementor-top-column elementor-element elementor-element-8e1dc02\" data-id=\"8e1dc02\" data-element_type=\"column\" data-e-type=\"column\">\n\t\t\t<div class=\"elementor-widget-wrap elementor-element-populated\">\n\t\t\t\t\t\t<div class=\"elementor-element elementor-element-cccb03b elementor-widget elementor-widget-heading\" data-id=\"cccb03b\" data-element_type=\"widget\" data-e-type=\"widget\" data-widget_type=\"heading.default\">\n\t\t\t\t<div class=\"elementor-widget-container\">\n\t\t\t\t\t<h1 class=\"elementor-heading-title elementor-size-default\">Brief submission successful!<\/h1>\t\t\t\t<\/div>\n\t\t\t\t<\/div>\n\t\t\t\t<div class=\"elementor-element elementor-element-782dbe7 elementor-widget elementor-widget-text-editor\" data-id=\"782dbe7\" data-element_type=\"widget\" data-e-type=\"widget\" data-widget_type=\"text-editor.default\">\n\t\t\t\t<div class=\"elementor-widget-container\">\n\t\t\t\t\t\t\t\t\t<p>We will try to process it within 48 hours, if it takes longer, please be patient, we won&#8217;t forget you!<\/p>\t\t\t\t\t\t\t\t<\/div>\n\t\t\t\t<\/div>\n\t\t\t\t<div class=\"elementor-element elementor-element-1187db4 elementor-align-center gomb-bal elementor-widget__width-auto elementor-widget elementor-widget-button\" data-id=\"1187db4\" data-element_type=\"widget\" data-e-type=\"widget\" data-widget_type=\"button.default\">\n\t\t\t\t<div class=\"elementor-widget-container\">\n\t\t\t\t\t\t\t\t\t<div class=\"elementor-button-wrapper\">\n\t\t\t\t\t<a class=\"elementor-button elementor-button-link elementor-size-sm\" href=\"https:\/\/wpviking.agency\/en\/\">\n\t\t\t\t\t\t<span class=\"elementor-button-content-wrapper\">\n\t\t\t\t\t\t<span class=\"elementor-button-icon\">\n\t\t\t\t<svg aria-hidden=\"true\" class=\"e-font-icon-svg e-fas-arrow-left\" viewBox=\"0 0 448 512\" xmlns=\"http:\/\/www.w3.org\/2000\/svg\"><path d=\"M257.5 445.1l-22.2 22.2c-9.4 9.4-24.6 9.4-33.9 0L7 273c-9.4-9.4-9.4-24.6 0-33.9L201.4 44.7c9.4-9.4 24.6-9.4 33.9 0l22.2 22.2c9.5 9.5 9.3 25-.4 34.3L136.6 216H424c13.3 0 24 10.7 24 24v32c0 13.3-10.7 24-24 24H136.6l120.5 114.8c9.8 9.3 10 24.8.4 34.3z\"><\/path><\/svg>\t\t\t<\/span>\n\t\t\t\t\t\t\t\t\t<span class=\"elementor-button-text\">Back to main page<\/span>\n\t\t\t\t\t<\/span>\n\t\t\t\t\t<\/a>\n\t\t\t\t<\/div>\n\t\t\t\t\t\t\t\t<\/div>\n\t\t\t\t<\/div>\n\t\t\t\t\t<\/div>\n\t\t<\/div>\n\t\t\t\t\t<\/div>\n\t\t<\/section>\n\t\t\t\t<\/div>\n\t\t","protected":false},"excerpt":{"rendered":"<p>Brief submission successful! We will try to process it within 48 hours, if it takes longer, please be patient, we won&#8217;t forget you! Back to main page<\/p>\n","protected":false},"author":1,"featured_media":0,"parent":2840,"menu_order":0,"comment_status":"closed","ping_status":"closed","template":"","meta":{"footnotes":""},"class_list":["post-2893","page","type-page","status-publish","hentry"],"yoast_head":"<!-- This site is optimized with the Yoast SEO plugin v27.2 - https:\/\/yoast.com\/product\/yoast-seo-wordpress\/ -->\n<title>Brief submission successful &#8211; WPViking Agency<\/title>\n<meta name=\"robots\" content=\"index, follow, max-snippet:-1, max-image-preview:large, max-video-preview:-1\" \/>\n<link rel=\"canonical\" href=\"https:\/\/wpviking.agency\/en\/web-brief\/brief-submission-successful\/\" \/>\n<meta property=\"og:locale\" content=\"en_US\" \/>\n<meta property=\"og:type\" content=\"article\" \/>\n<meta property=\"og:title\" content=\"Brief submission successful &#8211; WPViking Agency\" \/>\n<meta property=\"og:description\" content=\"Brief submission successful! We will try to process it within 48 hours, if it takes longer, please be patient, we won&#8217;t forget you! Back to main page\" \/>\n<meta property=\"og:url\" content=\"https:\/\/wpviking.agency\/en\/web-brief\/brief-submission-successful\/\" \/>\n<meta property=\"og:site_name\" content=\"WPViking Agency\" \/>\n<meta property=\"article:publisher\" content=\"https:\/\/www.facebook.com\/wpvikingagency\" \/>\n<meta property=\"article:modified_time\" content=\"2022-09-14T14:38:38+00:00\" \/>\n<meta property=\"og:image\" content=\"https:\/\/wpviking.agency\/wp-content\/uploads\/2022\/01\/wpviking-agency-facebook.png\" \/>\n\t<meta property=\"og:image:width\" content=\"1200\" \/>\n\t<meta property=\"og:image:height\" content=\"630\" \/>\n\t<meta property=\"og:image:type\" content=\"image\/png\" \/>\n<meta name=\"twitter:card\" content=\"summary_large_image\" \/>\n<script type=\"application\/ld+json\" class=\"yoast-schema-graph\">{\"@context\":\"https:\/\/schema.org\",\"@graph\":[{\"@type\":\"WebPage\",\"@id\":\"https:\/\/wpviking.agency\/en\/web-brief\/brief-submission-successful\/\",\"url\":\"https:\/\/wpviking.agency\/en\/web-brief\/brief-submission-successful\/\",\"name\":\"Brief submission successful &#8211; WPViking Agency\",\"isPartOf\":{\"@id\":\"https:\/\/wpviking.agency\/en\/#website\"},\"datePublished\":\"2022-02-06T12:31:11+00:00\",\"dateModified\":\"2022-09-14T14:38:38+00:00\",\"breadcrumb\":{\"@id\":\"https:\/\/wpviking.agency\/en\/web-brief\/brief-submission-successful\/#breadcrumb\"},\"inLanguage\":\"en-US\",\"potentialAction\":[{\"@type\":\"ReadAction\",\"target\":[\"https:\/\/wpviking.agency\/en\/web-brief\/brief-submission-successful\/\"]}]},{\"@type\":\"BreadcrumbList\",\"@id\":\"https:\/\/wpviking.agency\/en\/web-brief\/brief-submission-successful\/#breadcrumb\",\"itemListElement\":[{\"@type\":\"ListItem\",\"position\":1,\"name\":\"Kezd\u0151lap\",\"item\":\"https:\/\/wpviking.agency\/en\/\"},{\"@type\":\"ListItem\",\"position\":2,\"name\":\"Web Brief\",\"item\":\"https:\/\/wpviking.agency\/en\/web-brief\/\"},{\"@type\":\"ListItem\",\"position\":3,\"name\":\"Brief submission successful\"}]},{\"@type\":\"WebSite\",\"@id\":\"https:\/\/wpviking.agency\/en\/#website\",\"url\":\"https:\/\/wpviking.agency\/en\/\",\"name\":\"WPViking Agency\",\"description\":\"Modern weboldal k\u00e9sz\u00edt\u00e9s kiemelked\u0151 eredm\u00e9nyekkel\",\"publisher\":{\"@id\":\"https:\/\/wpviking.agency\/en\/#organization\"},\"potentialAction\":[{\"@type\":\"SearchAction\",\"target\":{\"@type\":\"EntryPoint\",\"urlTemplate\":\"https:\/\/wpviking.agency\/en\/?s={search_term_string}\"},\"query-input\":{\"@type\":\"PropertyValueSpecification\",\"valueRequired\":true,\"valueName\":\"search_term_string\"}}],\"inLanguage\":\"en-US\"},{\"@type\":\"Organization\",\"@id\":\"https:\/\/wpviking.agency\/en\/#organization\",\"name\":\"WPViking Agency\",\"url\":\"https:\/\/wpviking.agency\/en\/\",\"logo\":{\"@type\":\"ImageObject\",\"inLanguage\":\"en-US\",\"@id\":\"https:\/\/wpviking.agency\/en\/#\/schema\/logo\/image\/\",\"url\":\"https:\/\/wpviking.agency\/wp-content\/uploads\/2021\/08\/wpviking-agency-logo.svg\",\"contentUrl\":\"https:\/\/wpviking.agency\/wp-content\/uploads\/2021\/08\/wpviking-agency-logo.svg\",\"width\":273,\"height\":70,\"caption\":\"WPViking Agency\"},\"image\":{\"@id\":\"https:\/\/wpviking.agency\/en\/#\/schema\/logo\/image\/\"},\"sameAs\":[\"https:\/\/www.facebook.com\/wpvikingagency\"]}]}<\/script>\n<!-- \/ Yoast SEO plugin. -->","yoast_head_json":{"title":"Brief submission successful &#8211; WPViking Agency","robots":{"index":"index","follow":"follow","max-snippet":"max-snippet:-1","max-image-preview":"max-image-preview:large","max-video-preview":"max-video-preview:-1"},"canonical":"https:\/\/wpviking.agency\/en\/web-brief\/brief-submission-successful\/","og_locale":"en_US","og_type":"article","og_title":"Brief submission successful &#8211; WPViking Agency","og_description":"Brief submission successful! We will try to process it within 48 hours, if it takes longer, please be patient, we won&#8217;t forget you! Back to main page","og_url":"https:\/\/wpviking.agency\/en\/web-brief\/brief-submission-successful\/","og_site_name":"WPViking Agency","article_publisher":"https:\/\/www.facebook.com\/wpvikingagency","article_modified_time":"2022-09-14T14:38:38+00:00","og_image":[{"width":1200,"height":630,"url":"https:\/\/wpviking.agency\/wp-content\/uploads\/2022\/01\/wpviking-agency-facebook.png","type":"image\/png"}],"twitter_card":"summary_large_image","schema":{"@context":"https:\/\/schema.org","@graph":[{"@type":"WebPage","@id":"https:\/\/wpviking.agency\/en\/web-brief\/brief-submission-successful\/","url":"https:\/\/wpviking.agency\/en\/web-brief\/brief-submission-successful\/","name":"Brief submission successful &#8211; WPViking Agency","isPartOf":{"@id":"https:\/\/wpviking.agency\/en\/#website"},"datePublished":"2022-02-06T12:31:11+00:00","dateModified":"2022-09-14T14:38:38+00:00","breadcrumb":{"@id":"https:\/\/wpviking.agency\/en\/web-brief\/brief-submission-successful\/#breadcrumb"},"inLanguage":"en-US","potentialAction":[{"@type":"ReadAction","target":["https:\/\/wpviking.agency\/en\/web-brief\/brief-submission-successful\/"]}]},{"@type":"BreadcrumbList","@id":"https:\/\/wpviking.agency\/en\/web-brief\/brief-submission-successful\/#breadcrumb","itemListElement":[{"@type":"ListItem","position":1,"name":"Kezd\u0151lap","item":"https:\/\/wpviking.agency\/en\/"},{"@type":"ListItem","position":2,"name":"Web Brief","item":"https:\/\/wpviking.agency\/en\/web-brief\/"},{"@type":"ListItem","position":3,"name":"Brief submission successful"}]},{"@type":"WebSite","@id":"https:\/\/wpviking.agency\/en\/#website","url":"https:\/\/wpviking.agency\/en\/","name":"WPViking Agency","description":"Modern weboldal k\u00e9sz\u00edt\u00e9s kiemelked\u0151 eredm\u00e9nyekkel","publisher":{"@id":"https:\/\/wpviking.agency\/en\/#organization"},"potentialAction":[{"@type":"SearchAction","target":{"@type":"EntryPoint","urlTemplate":"https:\/\/wpviking.agency\/en\/?s={search_term_string}"},"query-input":{"@type":"PropertyValueSpecification","valueRequired":true,"valueName":"search_term_string"}}],"inLanguage":"en-US"},{"@type":"Organization","@id":"https:\/\/wpviking.agency\/en\/#organization","name":"WPViking Agency","url":"https:\/\/wpviking.agency\/en\/","logo":{"@type":"ImageObject","inLanguage":"en-US","@id":"https:\/\/wpviking.agency\/en\/#\/schema\/logo\/image\/","url":"https:\/\/wpviking.agency\/wp-content\/uploads\/2021\/08\/wpviking-agency-logo.svg","contentUrl":"https:\/\/wpviking.agency\/wp-content\/uploads\/2021\/08\/wpviking-agency-logo.svg","width":273,"height":70,"caption":"WPViking Agency"},"image":{"@id":"https:\/\/wpviking.agency\/en\/#\/schema\/logo\/image\/"},"sameAs":["https:\/\/www.facebook.com\/wpvikingagency"]}]}},"_links":{"self":[{"href":"https:\/\/wpviking.agency\/en\/wp-json\/wp\/v2\/pages\/2893","targetHints":{"allow":["GET"]}}],"collection":[{"href":"https:\/\/wpviking.agency\/en\/wp-json\/wp\/v2\/pages"}],"about":[{"href":"https:\/\/wpviking.agency\/en\/wp-json\/wp\/v2\/types\/page"}],"author":[{"embeddable":true,"href":"https:\/\/wpviking.agency\/en\/wp-json\/wp\/v2\/users\/1"}],"replies":[{"embeddable":true,"href":"https:\/\/wpviking.agency\/en\/wp-json\/wp\/v2\/comments?post=2893"}],"version-history":[{"count":0,"href":"https:\/\/wpviking.agency\/en\/wp-json\/wp\/v2\/pages\/2893\/revisions"}],"up":[{"embeddable":true,"href":"https:\/\/wpviking.agency\/en\/wp-json\/wp\/v2\/pages\/2840"}],"wp:attachment":[{"href":"https:\/\/wpviking.agency\/en\/wp-json\/wp\/v2\/media?parent=2893"}],"curies":[{"name":"wp","href":"https:\/\/api.w.org\/{rel}","templated":true}]}}