{"id":2882,"date":"2022-04-28T11:36:43","date_gmt":"2022-04-28T09:36:43","guid":{"rendered":"https:\/\/wpviking.agency\/successful-domain-completion\/"},"modified":"2022-08-22T15:41:08","modified_gmt":"2022-08-22T13:41:08","slug":"successful-domain-completion","status":"publish","type":"page","link":"https:\/\/wpviking.agency\/en\/successful-domain-completion\/","title":{"rendered":"Successful domain completion"},"content":{"rendered":"\t\t<div data-elementor-type=\"wp-page\" data-elementor-id=\"2882\" class=\"elementor elementor-2882 elementor-2099\" data-elementor-post-type=\"page\">\n\t\t\t\t\t\t<section class=\"elementor-section elementor-top-section elementor-element elementor-element-6a50580 elementor-section-content-middle elementor-section-boxed elementor-section-height-default elementor-section-height-default\" data-id=\"6a50580\" data-element_type=\"section\" data-e-type=\"section\" data-settings=\"{&quot;jet_parallax_layout_list&quot;:[]}\">\n\t\t\t\t\t\t<div class=\"elementor-container elementor-column-gap-default\">\n\t\t\t\t\t<div class=\"elementor-column elementor-col-100 elementor-top-column elementor-element elementor-element-4b8fb01\" data-id=\"4b8fb01\" data-element_type=\"column\" data-e-type=\"column\">\n\t\t\t<div class=\"elementor-widget-wrap elementor-element-populated\">\n\t\t\t\t\t\t<div class=\"elementor-element elementor-element-968fcd6 elementor-widget elementor-widget-heading\" data-id=\"968fcd6\" data-element_type=\"widget\" data-e-type=\"widget\" data-widget_type=\"heading.default\">\n\t\t\t\t<div class=\"elementor-widget-container\">\n\t\t\t\t\t<h1 class=\"elementor-heading-title elementor-size-default\">Successful domain completion!<\/h1>\t\t\t\t<\/div>\n\t\t\t\t<\/div>\n\t\t\t\t<div class=\"elementor-element elementor-element-1cb1e98 elementor-widget elementor-widget-text-editor\" data-id=\"1cb1e98\" data-element_type=\"widget\" data-e-type=\"widget\" data-widget_type=\"text-editor.default\">\n\t\t\t\t<div class=\"elementor-widget-container\">\n\t\t\t\t\t\t\t\t\t<p>We have sent the details in an email.<\/p>\t\t\t\t\t\t\t\t<\/div>\n\t\t\t\t<\/div>\n\t\t\t\t<div class=\"elementor-element elementor-element-bb59ee6 elementor-align-center gomb-bal elementor-widget__width-auto elementor-widget elementor-widget-button\" data-id=\"bb59ee6\" data-element_type=\"widget\" data-e-type=\"widget\" data-widget_type=\"button.default\">\n\t\t\t\t<div class=\"elementor-widget-container\">\n\t\t\t\t\t\t\t\t\t<div class=\"elementor-button-wrapper\">\n\t\t\t\t\t<a class=\"elementor-button elementor-button-link elementor-size-sm\" href=\"https:\/\/wpviking.agency\/en\/\">\n\t\t\t\t\t\t<span class=\"elementor-button-content-wrapper\">\n\t\t\t\t\t\t<span class=\"elementor-button-icon\">\n\t\t\t\t<svg aria-hidden=\"true\" class=\"e-font-icon-svg e-fas-arrow-left\" viewBox=\"0 0 448 512\" xmlns=\"http:\/\/www.w3.org\/2000\/svg\"><path d=\"M257.5 445.1l-22.2 22.2c-9.4 9.4-24.6 9.4-33.9 0L7 273c-9.4-9.4-9.4-24.6 0-33.9L201.4 44.7c9.4-9.4 24.6-9.4 33.9 0l22.2 22.2c9.5 9.5 9.3 25-.4 34.3L136.6 216H424c13.3 0 24 10.7 24 24v32c0 13.3-10.7 24-24 24H136.6l120.5 114.8c9.8 9.3 10 24.8.4 34.3z\"><\/path><\/svg>\t\t\t<\/span>\n\t\t\t\t\t\t\t\t\t<span class=\"elementor-button-text\">Back to main page<\/span>\n\t\t\t\t\t<\/span>\n\t\t\t\t\t<\/a>\n\t\t\t\t<\/div>\n\t\t\t\t\t\t\t\t<\/div>\n\t\t\t\t<\/div>\n\t\t\t\t\t<\/div>\n\t\t<\/div>\n\t\t\t\t\t<\/div>\n\t\t<\/section>\n\t\t\t\t<section class=\"elementor-section elementor-top-section elementor-element elementor-element-0876744 elementor-section-boxed elementor-section-height-default elementor-section-height-default\" data-id=\"0876744\" data-element_type=\"section\" data-e-type=\"section\" data-settings=\"{&quot;jet_parallax_layout_list&quot;:[]}\">\n\t\t\t\t\t\t<div class=\"elementor-container elementor-column-gap-default\">\n\t\t\t\t\t<div class=\"elementor-column elementor-col-100 elementor-top-column elementor-element elementor-element-162ea33\" data-id=\"162ea33\" data-element_type=\"column\" data-e-type=\"column\">\n\t\t\t<div class=\"elementor-widget-wrap elementor-element-populated\">\n\t\t\t\t\t\t<div class=\"elementor-element elementor-element-95a0eb1 elementor-widget elementor-widget-heading\" data-id=\"95a0eb1\" data-element_type=\"widget\" data-e-type=\"widget\" data-widget_type=\"heading.default\">\n\t\t\t\t<div class=\"elementor-widget-container\">\n\t\t\t\t\t<h2 class=\"elementor-heading-title elementor-size-default\">References<\/h2>\t\t\t\t<\/div>\n\t\t\t\t<\/div>\n\t\t\t\t<div class=\"elementor-element elementor-element-bf4b207 elementor-widget elementor-widget-jet-listing-grid\" data-id=\"bf4b207\" data-element_type=\"widget\" data-e-type=\"widget\" data-settings=\"{&quot;columns&quot;:&quot;2&quot;,&quot;columns_tablet&quot;:&quot;1&quot;}\" data-widget_type=\"jet-listing-grid.default\">\n\t\t\t\t<div class=\"elementor-widget-container\">\n\t\t\t\t\t<div class=\"jet-listing-grid jet-listing\"><div class=\"jet-listing-not-found jet-listing-grid__items\" data-nav=\"{&quot;enabled&quot;:false,&quot;type&quot;:null,&quot;more_el&quot;:null,&quot;query&quot;:[],&quot;widget_settings&quot;:{&quot;lisitng_id&quot;:582,&quot;posts_num&quot;:2,&quot;columns&quot;:2,&quot;columns_tablet&quot;:1,&quot;columns_mobile&quot;:1,&quot;column_min_width&quot;:240,&quot;column_min_width_tablet&quot;:240,&quot;column_min_width_mobile&quot;:240,&quot;inline_columns_css&quot;:false,&quot;is_archive_template&quot;:&quot;&quot;,&quot;post_status&quot;:[&quot;publish&quot;],&quot;use_random_posts_num&quot;:&quot;yes&quot;,&quot;max_posts_num&quot;:2,&quot;not_found_message&quot;:&quot;No results.&quot;,&quot;is_masonry&quot;:false,&quot;equal_columns_height&quot;:&quot;yes&quot;,&quot;use_load_more&quot;:&quot;&quot;,&quot;load_more_id&quot;:&quot;&quot;,&quot;load_more_type&quot;:&quot;click&quot;,&quot;load_more_offset&quot;:{&quot;unit&quot;:&quot;px&quot;,&quot;size&quot;:0,&quot;sizes&quot;:[]},&quot;use_custom_post_types&quot;:&quot;&quot;,&quot;custom_post_types&quot;:[],&quot;hide_widget_if&quot;:&quot;&quot;,&quot;carousel_enabled&quot;:&quot;&quot;,&quot;slides_to_scroll&quot;:&quot;1&quot;,&quot;arrows&quot;:&quot;true&quot;,&quot;arrow_icon&quot;:&quot;fa fa-angle-left&quot;,&quot;dots&quot;:&quot;&quot;,&quot;autoplay&quot;:&quot;true&quot;,&quot;pause_on_hover&quot;:&quot;true&quot;,&quot;autoplay_speed&quot;:5000,&quot;infinite&quot;:&quot;true&quot;,&quot;center_mode&quot;:&quot;&quot;,&quot;effect&quot;:&quot;slide&quot;,&quot;speed&quot;:500,&quot;inject_alternative_items&quot;:&quot;&quot;,&quot;injection_items&quot;:[],&quot;scroll_slider_enabled&quot;:&quot;&quot;,&quot;scroll_slider_on&quot;:[&quot;desktop&quot;,&quot;tablet&quot;,&quot;mobile&quot;],&quot;custom_query&quot;:false,&quot;custom_query_id&quot;:&quot;&quot;,&quot;_element_id&quot;:&quot;&quot;,&quot;collapse_first_last_gap&quot;:false,&quot;list_tag_selection&quot;:&quot;&quot;,&quot;list_items_wrapper_tag&quot;:&quot;div&quot;,&quot;list_item_tag&quot;:&quot;div&quot;,&quot;empty_items_wrapper_tag&quot;:&quot;div&quot;}}\" data-listing-source=\"posts\" data-listing-id=\"582\" data-query-id=\"\" data-queried-id=\"2882|WP_Post\">No results.<\/div><\/div>\t\t\t\t<\/div>\n\t\t\t\t<\/div>\n\t\t\t\t\t<\/div>\n\t\t<\/div>\n\t\t\t\t\t<\/div>\n\t\t<\/section>\n\t\t\t\t<\/div>\n\t\t","protected":false},"excerpt":{"rendered":"<p>Successful domain completion! We have sent the details in an email. Back to main page References<\/p>\n","protected":false},"author":1,"featured_media":0,"parent":0,"menu_order":0,"comment_status":"closed","ping_status":"closed","template":"","meta":{"footnotes":""},"class_list":["post-2882","page","type-page","status-publish","hentry"],"yoast_head":"<!-- This site is optimized with the Yoast SEO plugin v27.2 - https:\/\/yoast.com\/product\/yoast-seo-wordpress\/ -->\n<title>Successful domain completion &#8211; WPViking Agency<\/title>\n<meta name=\"robots\" content=\"index, follow, max-snippet:-1, max-image-preview:large, max-video-preview:-1\" \/>\n<link rel=\"canonical\" href=\"https:\/\/wpviking.agency\/en\/successful-domain-completion\/\" \/>\n<meta property=\"og:locale\" content=\"en_US\" \/>\n<meta property=\"og:type\" content=\"article\" \/>\n<meta property=\"og:title\" content=\"Successful domain completion &#8211; WPViking Agency\" \/>\n<meta property=\"og:description\" content=\"Successful domain completion! We have sent the details in an email. Back to main page References\" \/>\n<meta property=\"og:url\" content=\"https:\/\/wpviking.agency\/en\/successful-domain-completion\/\" \/>\n<meta property=\"og:site_name\" content=\"WPViking Agency\" \/>\n<meta property=\"article:publisher\" content=\"https:\/\/www.facebook.com\/wpvikingagency\" \/>\n<meta property=\"article:modified_time\" content=\"2022-08-22T13:41:08+00:00\" \/>\n<meta property=\"og:image\" content=\"https:\/\/wpviking.agency\/wp-content\/uploads\/2022\/01\/wpviking-agency-facebook.png\" \/>\n\t<meta property=\"og:image:width\" content=\"1200\" \/>\n\t<meta property=\"og:image:height\" content=\"630\" \/>\n\t<meta property=\"og:image:type\" content=\"image\/png\" \/>\n<meta name=\"twitter:card\" content=\"summary_large_image\" \/>\n<script type=\"application\/ld+json\" class=\"yoast-schema-graph\">{\"@context\":\"https:\/\/schema.org\",\"@graph\":[{\"@type\":\"WebPage\",\"@id\":\"https:\/\/wpviking.agency\/en\/successful-domain-completion\/\",\"url\":\"https:\/\/wpviking.agency\/en\/successful-domain-completion\/\",\"name\":\"Successful domain completion &#8211; WPViking Agency\",\"isPartOf\":{\"@id\":\"https:\/\/wpviking.agency\/en\/#website\"},\"datePublished\":\"2022-04-28T09:36:43+00:00\",\"dateModified\":\"2022-08-22T13:41:08+00:00\",\"breadcrumb\":{\"@id\":\"https:\/\/wpviking.agency\/en\/successful-domain-completion\/#breadcrumb\"},\"inLanguage\":\"en-US\",\"potentialAction\":[{\"@type\":\"ReadAction\",\"target\":[\"https:\/\/wpviking.agency\/en\/successful-domain-completion\/\"]}]},{\"@type\":\"BreadcrumbList\",\"@id\":\"https:\/\/wpviking.agency\/en\/successful-domain-completion\/#breadcrumb\",\"itemListElement\":[{\"@type\":\"ListItem\",\"position\":1,\"name\":\"Kezd\u0151lap\",\"item\":\"https:\/\/wpviking.agency\/en\/\"},{\"@type\":\"ListItem\",\"position\":2,\"name\":\"Successful domain completion\"}]},{\"@type\":\"WebSite\",\"@id\":\"https:\/\/wpviking.agency\/en\/#website\",\"url\":\"https:\/\/wpviking.agency\/en\/\",\"name\":\"WPViking Agency\",\"description\":\"Modern weboldal k\u00e9sz\u00edt\u00e9s kiemelked\u0151 eredm\u00e9nyekkel\",\"publisher\":{\"@id\":\"https:\/\/wpviking.agency\/en\/#organization\"},\"potentialAction\":[{\"@type\":\"SearchAction\",\"target\":{\"@type\":\"EntryPoint\",\"urlTemplate\":\"https:\/\/wpviking.agency\/en\/?s={search_term_string}\"},\"query-input\":{\"@type\":\"PropertyValueSpecification\",\"valueRequired\":true,\"valueName\":\"search_term_string\"}}],\"inLanguage\":\"en-US\"},{\"@type\":\"Organization\",\"@id\":\"https:\/\/wpviking.agency\/en\/#organization\",\"name\":\"WPViking Agency\",\"url\":\"https:\/\/wpviking.agency\/en\/\",\"logo\":{\"@type\":\"ImageObject\",\"inLanguage\":\"en-US\",\"@id\":\"https:\/\/wpviking.agency\/en\/#\/schema\/logo\/image\/\",\"url\":\"https:\/\/wpviking.agency\/wp-content\/uploads\/2021\/08\/wpviking-agency-logo.svg\",\"contentUrl\":\"https:\/\/wpviking.agency\/wp-content\/uploads\/2021\/08\/wpviking-agency-logo.svg\",\"width\":273,\"height\":70,\"caption\":\"WPViking Agency\"},\"image\":{\"@id\":\"https:\/\/wpviking.agency\/en\/#\/schema\/logo\/image\/\"},\"sameAs\":[\"https:\/\/www.facebook.com\/wpvikingagency\"]}]}<\/script>\n<!-- \/ Yoast SEO plugin. -->","yoast_head_json":{"title":"Successful domain completion &#8211; WPViking Agency","robots":{"index":"index","follow":"follow","max-snippet":"max-snippet:-1","max-image-preview":"max-image-preview:large","max-video-preview":"max-video-preview:-1"},"canonical":"https:\/\/wpviking.agency\/en\/successful-domain-completion\/","og_locale":"en_US","og_type":"article","og_title":"Successful domain completion &#8211; WPViking Agency","og_description":"Successful domain completion! We have sent the details in an email. Back to main page References","og_url":"https:\/\/wpviking.agency\/en\/successful-domain-completion\/","og_site_name":"WPViking Agency","article_publisher":"https:\/\/www.facebook.com\/wpvikingagency","article_modified_time":"2022-08-22T13:41:08+00:00","og_image":[{"width":1200,"height":630,"url":"https:\/\/wpviking.agency\/wp-content\/uploads\/2022\/01\/wpviking-agency-facebook.png","type":"image\/png"}],"twitter_card":"summary_large_image","schema":{"@context":"https:\/\/schema.org","@graph":[{"@type":"WebPage","@id":"https:\/\/wpviking.agency\/en\/successful-domain-completion\/","url":"https:\/\/wpviking.agency\/en\/successful-domain-completion\/","name":"Successful domain completion &#8211; WPViking Agency","isPartOf":{"@id":"https:\/\/wpviking.agency\/en\/#website"},"datePublished":"2022-04-28T09:36:43+00:00","dateModified":"2022-08-22T13:41:08+00:00","breadcrumb":{"@id":"https:\/\/wpviking.agency\/en\/successful-domain-completion\/#breadcrumb"},"inLanguage":"en-US","potentialAction":[{"@type":"ReadAction","target":["https:\/\/wpviking.agency\/en\/successful-domain-completion\/"]}]},{"@type":"BreadcrumbList","@id":"https:\/\/wpviking.agency\/en\/successful-domain-completion\/#breadcrumb","itemListElement":[{"@type":"ListItem","position":1,"name":"Kezd\u0151lap","item":"https:\/\/wpviking.agency\/en\/"},{"@type":"ListItem","position":2,"name":"Successful domain completion"}]},{"@type":"WebSite","@id":"https:\/\/wpviking.agency\/en\/#website","url":"https:\/\/wpviking.agency\/en\/","name":"WPViking Agency","description":"Modern weboldal k\u00e9sz\u00edt\u00e9s kiemelked\u0151 eredm\u00e9nyekkel","publisher":{"@id":"https:\/\/wpviking.agency\/en\/#organization"},"potentialAction":[{"@type":"SearchAction","target":{"@type":"EntryPoint","urlTemplate":"https:\/\/wpviking.agency\/en\/?s={search_term_string}"},"query-input":{"@type":"PropertyValueSpecification","valueRequired":true,"valueName":"search_term_string"}}],"inLanguage":"en-US"},{"@type":"Organization","@id":"https:\/\/wpviking.agency\/en\/#organization","name":"WPViking Agency","url":"https:\/\/wpviking.agency\/en\/","logo":{"@type":"ImageObject","inLanguage":"en-US","@id":"https:\/\/wpviking.agency\/en\/#\/schema\/logo\/image\/","url":"https:\/\/wpviking.agency\/wp-content\/uploads\/2021\/08\/wpviking-agency-logo.svg","contentUrl":"https:\/\/wpviking.agency\/wp-content\/uploads\/2021\/08\/wpviking-agency-logo.svg","width":273,"height":70,"caption":"WPViking Agency"},"image":{"@id":"https:\/\/wpviking.agency\/en\/#\/schema\/logo\/image\/"},"sameAs":["https:\/\/www.facebook.com\/wpvikingagency"]}]}},"_links":{"self":[{"href":"https:\/\/wpviking.agency\/en\/wp-json\/wp\/v2\/pages\/2882","targetHints":{"allow":["GET"]}}],"collection":[{"href":"https:\/\/wpviking.agency\/en\/wp-json\/wp\/v2\/pages"}],"about":[{"href":"https:\/\/wpviking.agency\/en\/wp-json\/wp\/v2\/types\/page"}],"author":[{"embeddable":true,"href":"https:\/\/wpviking.agency\/en\/wp-json\/wp\/v2\/users\/1"}],"replies":[{"embeddable":true,"href":"https:\/\/wpviking.agency\/en\/wp-json\/wp\/v2\/comments?post=2882"}],"version-history":[{"count":0,"href":"https:\/\/wpviking.agency\/en\/wp-json\/wp\/v2\/pages\/2882\/revisions"}],"wp:attachment":[{"href":"https:\/\/wpviking.agency\/en\/wp-json\/wp\/v2\/media?parent=2882"}],"curies":[{"name":"wp","href":"https:\/\/api.w.org\/{rel}","templated":true}]}}