{"id":2878,"date":"2022-01-01T21:27:49","date_gmt":"2022-01-01T20:27:49","guid":{"rendered":"https:\/\/wpviking.agency\/services\/graphic-design-works\/"},"modified":"2022-08-21T13:56:59","modified_gmt":"2022-08-21T11:56:59","slug":"graphic-design-works","status":"publish","type":"page","link":"https:\/\/wpviking.agency\/en\/services\/graphic-design-works\/","title":{"rendered":"Graphic design works"},"content":{"rendered":"\t\t<div data-elementor-type=\"wp-page\" data-elementor-id=\"2878\" class=\"elementor elementor-2878 elementor-1439\" data-elementor-post-type=\"page\">\n\t\t\t\t\t\t<section class=\"elementor-section elementor-top-section elementor-element elementor-element-89fd640 elementor-section-content-middle elementor-section-boxed elementor-section-height-default elementor-section-height-default\" data-id=\"89fd640\" data-element_type=\"section\" data-e-type=\"section\" data-settings=\"{&quot;jet_parallax_layout_list&quot;:[]}\">\n\t\t\t\t\t\t<div class=\"elementor-container elementor-column-gap-default\">\n\t\t\t\t\t<div class=\"elementor-column elementor-col-50 elementor-top-column elementor-element elementor-element-3e50769\" data-id=\"3e50769\" data-element_type=\"column\" data-e-type=\"column\">\n\t\t\t<div class=\"elementor-widget-wrap elementor-element-populated\">\n\t\t\t\t\t\t<div class=\"elementor-element elementor-element-cb5a977 elementor-widget elementor-widget-text-editor\" data-id=\"cb5a977\" data-element_type=\"widget\" data-e-type=\"widget\" data-widget_type=\"text-editor.default\">\n\t\t\t\t<div class=\"elementor-widget-container\">\n\t\t\t\t\t\t\t\t\t<p>Planning of a website always starts with the brand identity. The logo and the colors will determine the general impression of the entire website. <span style=\"color: #000000;\"><strong>The professional brand identity design is not only essential for a website, but every business needs it.<\/strong><\/span><\/p>\t\t\t\t\t\t\t\t<\/div>\n\t\t\t\t<\/div>\n\t\t\t\t<div class=\"elementor-element elementor-element-fc22f0f elementor-mobile-align-justify gomb-ikon elementor-widget__width-auto elementor-widget elementor-widget-button\" data-id=\"fc22f0f\" data-element_type=\"widget\" data-e-type=\"widget\" data-widget_type=\"button.default\">\n\t\t\t\t<div class=\"elementor-widget-container\">\n\t\t\t\t\t\t\t\t\t<div class=\"elementor-button-wrapper\">\n\t\t\t\t\t<a class=\"elementor-button elementor-button-link elementor-size-sm\" href=\"https:\/\/wpviking.agency\/en\/contact\/\">\n\t\t\t\t\t\t<span class=\"elementor-button-content-wrapper\">\n\t\t\t\t\t\t<span class=\"elementor-button-icon\">\n\t\t\t\t<svg aria-hidden=\"true\" class=\"e-font-icon-svg e-fas-arrow-right\" viewBox=\"0 0 448 512\" xmlns=\"http:\/\/www.w3.org\/2000\/svg\"><path d=\"M190.5 66.9l22.2-22.2c9.4-9.4 24.6-9.4 33.9 0L441 239c9.4 9.4 9.4 24.6 0 33.9L246.6 467.3c-9.4 9.4-24.6 9.4-33.9 0l-22.2-22.2c-9.5-9.5-9.3-25 .4-34.3L311.4 296H24c-13.3 0-24-10.7-24-24v-32c0-13.3 10.7-24 24-24h287.4L190.9 101.2c-9.8-9.3-10-24.8-.4-34.3z\"><\/path><\/svg>\t\t\t<\/span>\n\t\t\t\t\t\t\t\t\t<span class=\"elementor-button-text\">Let's work together!<\/span>\n\t\t\t\t\t<\/span>\n\t\t\t\t\t<\/a>\n\t\t\t\t<\/div>\n\t\t\t\t\t\t\t\t<\/div>\n\t\t\t\t<\/div>\n\t\t\t\t\t<\/div>\n\t\t<\/div>\n\t\t\t\t<div class=\"elementor-column elementor-col-50 elementor-top-column elementor-element elementor-element-a2681f2\" data-id=\"a2681f2\" data-element_type=\"column\" data-e-type=\"column\">\n\t\t\t<div class=\"elementor-widget-wrap elementor-element-populated\">\n\t\t\t\t\t\t<div class=\"elementor-element elementor-element-81d907b elementor-widget elementor-widget-image\" data-id=\"81d907b\" data-element_type=\"widget\" data-e-type=\"widget\" data-widget_type=\"image.default\">\n\t\t\t\t<div class=\"elementor-widget-container\">\n\t\t\t\t\t\t\t\t\t\t\t\t\t\t\t<img fetchpriority=\"high\" decoding=\"async\" width=\"300\" height=\"190\" src=\"https:\/\/wpviking.agency\/wp-content\/uploads\/2022\/01\/grafikai-munkak.svg\" class=\"attachment-full size-full wp-image-2577\" alt=\"\" \/>\t\t\t\t\t\t\t\t\t\t\t\t\t\t\t<\/div>\n\t\t\t\t<\/div>\n\t\t\t\t\t<\/div>\n\t\t<\/div>\n\t\t\t\t\t<\/div>\n\t\t<\/section>\n\t\t\t\t<section class=\"elementor-section elementor-top-section elementor-element elementor-element-d6c7136 elementor-section-boxed elementor-section-height-default elementor-section-height-default\" data-id=\"d6c7136\" data-element_type=\"section\" data-e-type=\"section\" data-settings=\"{&quot;background_background&quot;:&quot;classic&quot;,&quot;jet_parallax_layout_list&quot;:[]}\">\n\t\t\t\t\t\t<div class=\"elementor-container elementor-column-gap-default\">\n\t\t\t\t\t<div class=\"elementor-column elementor-col-100 elementor-top-column elementor-element elementor-element-badb0a9\" data-id=\"badb0a9\" data-element_type=\"column\" data-e-type=\"column\">\n\t\t\t<div class=\"elementor-widget-wrap elementor-element-populated\">\n\t\t\t\t\t\t<section class=\"elementor-section elementor-inner-section elementor-element elementor-element-ab72ad8 elementor-section-boxed elementor-section-height-default elementor-section-height-default\" data-id=\"ab72ad8\" data-element_type=\"section\" data-e-type=\"section\" data-settings=\"{&quot;jet_parallax_layout_list&quot;:[]}\">\n\t\t\t\t\t\t<div class=\"elementor-container elementor-column-gap-default\">\n\t\t\t\t\t<div class=\"elementor-column elementor-col-50 elementor-inner-column elementor-element elementor-element-f13dd1c\" data-id=\"f13dd1c\" data-element_type=\"column\" data-e-type=\"column\">\n\t\t\t<div class=\"elementor-widget-wrap elementor-element-populated\">\n\t\t\t\t\t\t<div class=\"elementor-element elementor-element-5418421 elementor-widget elementor-widget-heading\" data-id=\"5418421\" data-element_type=\"widget\" data-e-type=\"widget\" data-widget_type=\"heading.default\">\n\t\t\t\t<div class=\"elementor-widget-container\">\n\t\t\t\t\t<h2 class=\"elementor-heading-title elementor-size-default\">Why you should entrust us with your brand identity design?<\/h2>\t\t\t\t<\/div>\n\t\t\t\t<\/div>\n\t\t\t\t<div class=\"elementor-element elementor-element-d6c7f2e elementor-widget elementor-widget-text-editor\" data-id=\"d6c7f2e\" data-element_type=\"widget\" data-e-type=\"widget\" data-widget_type=\"text-editor.default\">\n\t\t\t\t<div class=\"elementor-widget-container\">\n\t\t\t\t\t\t\t\t\t<p><span style=\"color: #ffffff;\"><strong>Brand identity design will play a crucial role in your entire business.<\/strong><\/span> It is better to leave it to professionals and not to do it yourself. During our work so far, we have seen many different approaches and we know which image elements matter the most.<\/p>\t\t\t\t\t\t\t\t<\/div>\n\t\t\t\t<\/div>\n\t\t\t\t\t<\/div>\n\t\t<\/div>\n\t\t\t\t<div class=\"elementor-column elementor-col-50 elementor-inner-column elementor-element elementor-element-22d3874 elementor-hidden-tablet elementor-hidden-mobile\" data-id=\"22d3874\" data-element_type=\"column\" data-e-type=\"column\">\n\t\t\t<div class=\"elementor-widget-wrap\">\n\t\t\t\t\t\t\t<\/div>\n\t\t<\/div>\n\t\t\t\t\t<\/div>\n\t\t<\/section>\n\t\t\t\t<section class=\"elementor-section elementor-inner-section elementor-element elementor-element-511a934 elementor-section-boxed elementor-section-height-default elementor-section-height-default\" data-id=\"511a934\" data-element_type=\"section\" data-e-type=\"section\" data-settings=\"{&quot;jet_parallax_layout_list&quot;:[]}\">\n\t\t\t\t\t\t<div class=\"elementor-container elementor-column-gap-default\">\n\t\t\t\t\t<div class=\"elementor-column elementor-col-33 elementor-inner-column elementor-element elementor-element-e7972b2\" data-id=\"e7972b2\" data-element_type=\"column\" data-e-type=\"column\">\n\t\t\t<div class=\"elementor-widget-wrap elementor-element-populated\">\n\t\t\t\t\t\t<div class=\"elementor-element elementor-element-b7e1544 elementor-icon-list--layout-traditional elementor-list-item-link-full_width elementor-widget elementor-widget-icon-list\" data-id=\"b7e1544\" data-element_type=\"widget\" data-e-type=\"widget\" data-widget_type=\"icon-list.default\">\n\t\t\t\t<div class=\"elementor-widget-container\">\n\t\t\t\t\t\t\t<ul class=\"elementor-icon-list-items\">\n\t\t\t\t\t\t\t<li class=\"elementor-icon-list-item\">\n\t\t\t\t\t\t\t\t\t\t\t<span class=\"elementor-icon-list-icon\">\n\t\t\t\t\t\t\t<svg aria-hidden=\"true\" class=\"e-font-icon-svg e-fas-circle\" viewBox=\"0 0 512 512\" xmlns=\"http:\/\/www.w3.org\/2000\/svg\"><path d=\"M256 8C119 8 8 119 8 256s111 248 248 248 248-111 248-248S393 8 256 8z\"><\/path><\/svg>\t\t\t\t\t\t<\/span>\n\t\t\t\t\t\t\t\t\t\t<span class=\"elementor-icon-list-text\">Brand identity design<\/span>\n\t\t\t\t\t\t\t\t\t<\/li>\n\t\t\t\t\t\t<\/ul>\n\t\t\t\t\t\t<\/div>\n\t\t\t\t<\/div>\n\t\t\t\t<div class=\"elementor-element elementor-element-48acf75 elementor-widget elementor-widget-text-editor\" data-id=\"48acf75\" data-element_type=\"widget\" data-e-type=\"widget\" data-widget_type=\"text-editor.default\">\n\t\t\t\t<div class=\"elementor-widget-container\">\n\t\t\t\t\t\t\t\t\t<p>We undertake the selection of colors, logos, fonts, or even the creation of a complete brand identity manual.<\/p>\t\t\t\t\t\t\t\t<\/div>\n\t\t\t\t<\/div>\n\t\t\t\t\t<\/div>\n\t\t<\/div>\n\t\t\t\t<div class=\"elementor-column elementor-col-33 elementor-inner-column elementor-element elementor-element-dbc9e64\" data-id=\"dbc9e64\" data-element_type=\"column\" data-e-type=\"column\">\n\t\t\t<div class=\"elementor-widget-wrap elementor-element-populated\">\n\t\t\t\t\t\t<div class=\"elementor-element elementor-element-df5a749 elementor-icon-list--layout-traditional elementor-list-item-link-full_width elementor-widget elementor-widget-icon-list\" data-id=\"df5a749\" data-element_type=\"widget\" data-e-type=\"widget\" data-widget_type=\"icon-list.default\">\n\t\t\t\t<div class=\"elementor-widget-container\">\n\t\t\t\t\t\t\t<ul class=\"elementor-icon-list-items\">\n\t\t\t\t\t\t\t<li class=\"elementor-icon-list-item\">\n\t\t\t\t\t\t\t\t\t\t\t<span class=\"elementor-icon-list-icon\">\n\t\t\t\t\t\t\t<svg aria-hidden=\"true\" class=\"e-font-icon-svg e-fas-circle\" viewBox=\"0 0 512 512\" xmlns=\"http:\/\/www.w3.org\/2000\/svg\"><path d=\"M256 8C119 8 8 119 8 256s111 248 248 248 248-111 248-248S393 8 256 8z\"><\/path><\/svg>\t\t\t\t\t\t<\/span>\n\t\t\t\t\t\t\t\t\t\t<span class=\"elementor-icon-list-text\">Logo design<\/span>\n\t\t\t\t\t\t\t\t\t<\/li>\n\t\t\t\t\t\t<\/ul>\n\t\t\t\t\t\t<\/div>\n\t\t\t\t<\/div>\n\t\t\t\t<div class=\"elementor-element elementor-element-8796a30 elementor-widget elementor-widget-text-editor\" data-id=\"8796a30\" data-element_type=\"widget\" data-e-type=\"widget\" data-widget_type=\"text-editor.default\">\n\t\t\t\t<div class=\"elementor-widget-container\">\n\t\t\t\t\t\t\t\t\t<p>Would you like to create a free logo yourself? It can work, but after some time, you will need a professional one. Switching an existing logo to a new one can be tricky.<\/p>\t\t\t\t\t\t\t\t<\/div>\n\t\t\t\t<\/div>\n\t\t\t\t\t<\/div>\n\t\t<\/div>\n\t\t\t\t<div class=\"elementor-column elementor-col-33 elementor-inner-column elementor-element elementor-element-6e55c66\" data-id=\"6e55c66\" data-element_type=\"column\" data-e-type=\"column\">\n\t\t\t<div class=\"elementor-widget-wrap elementor-element-populated\">\n\t\t\t\t\t\t<div class=\"elementor-element elementor-element-6de8030 elementor-icon-list--layout-traditional elementor-list-item-link-full_width elementor-widget elementor-widget-icon-list\" data-id=\"6de8030\" data-element_type=\"widget\" data-e-type=\"widget\" data-widget_type=\"icon-list.default\">\n\t\t\t\t<div class=\"elementor-widget-container\">\n\t\t\t\t\t\t\t<ul class=\"elementor-icon-list-items\">\n\t\t\t\t\t\t\t<li class=\"elementor-icon-list-item\">\n\t\t\t\t\t\t\t\t\t\t\t<span class=\"elementor-icon-list-icon\">\n\t\t\t\t\t\t\t<svg aria-hidden=\"true\" class=\"e-font-icon-svg e-fas-circle\" viewBox=\"0 0 512 512\" xmlns=\"http:\/\/www.w3.org\/2000\/svg\"><path d=\"M256 8C119 8 8 119 8 256s111 248 248 248 248-111 248-248S393 8 256 8z\"><\/path><\/svg>\t\t\t\t\t\t<\/span>\n\t\t\t\t\t\t\t\t\t\t<span class=\"elementor-icon-list-text\">Other graphics<\/span>\n\t\t\t\t\t\t\t\t\t<\/li>\n\t\t\t\t\t\t<\/ul>\n\t\t\t\t\t\t<\/div>\n\t\t\t\t<\/div>\n\t\t\t\t<div class=\"elementor-element elementor-element-ea1183d elementor-widget elementor-widget-text-editor\" data-id=\"ea1183d\" data-element_type=\"widget\" data-e-type=\"widget\" data-widget_type=\"text-editor.default\">\n\t\t\t\t<div class=\"elementor-widget-container\">\n\t\t\t\t\t\t\t\t\t<p>We also design business cards, and posters and create illustrations. Get in <a href=\"https:\/\/wpviking.agency\/en\/contact\/\">contact<\/a> and let&#8217;s begin the work!<\/p>\t\t\t\t\t\t\t\t<\/div>\n\t\t\t\t<\/div>\n\t\t\t\t\t<\/div>\n\t\t<\/div>\n\t\t\t\t\t<\/div>\n\t\t<\/section>\n\t\t\t\t<div class=\"elementor-element elementor-element-6c7ae1d elementor-mobile-align-justify gomb-ikon elementor-widget__width-auto elementor-widget elementor-widget-button\" data-id=\"6c7ae1d\" data-element_type=\"widget\" data-e-type=\"widget\" data-widget_type=\"button.default\">\n\t\t\t\t<div class=\"elementor-widget-container\">\n\t\t\t\t\t\t\t\t\t<div class=\"elementor-button-wrapper\">\n\t\t\t\t\t<a class=\"elementor-button elementor-button-link elementor-size-sm\" href=\"https:\/\/wpviking.agency\/en\/contact\/\">\n\t\t\t\t\t\t<span class=\"elementor-button-content-wrapper\">\n\t\t\t\t\t\t<span class=\"elementor-button-icon\">\n\t\t\t\t<svg aria-hidden=\"true\" class=\"e-font-icon-svg e-fas-arrow-right\" viewBox=\"0 0 448 512\" xmlns=\"http:\/\/www.w3.org\/2000\/svg\"><path d=\"M190.5 66.9l22.2-22.2c9.4-9.4 24.6-9.4 33.9 0L441 239c9.4 9.4 9.4 24.6 0 33.9L246.6 467.3c-9.4 9.4-24.6 9.4-33.9 0l-22.2-22.2c-9.5-9.5-9.3-25 .4-34.3L311.4 296H24c-13.3 0-24-10.7-24-24v-32c0-13.3 10.7-24 24-24h287.4L190.9 101.2c-9.8-9.3-10-24.8-.4-34.3z\"><\/path><\/svg>\t\t\t<\/span>\n\t\t\t\t\t\t\t\t\t<span class=\"elementor-button-text\">I'm interested in graphic design<\/span>\n\t\t\t\t\t<\/span>\n\t\t\t\t\t<\/a>\n\t\t\t\t<\/div>\n\t\t\t\t\t\t\t\t<\/div>\n\t\t\t\t<\/div>\n\t\t\t\t\t<\/div>\n\t\t<\/div>\n\t\t\t\t\t<\/div>\n\t\t<\/section>\n\t\t\t\t<section class=\"elementor-section elementor-top-section elementor-element elementor-element-03bd7f7 elementor-section-full_width elementor-section-height-default elementor-section-height-default\" data-id=\"03bd7f7\" data-element_type=\"section\" data-e-type=\"section\" data-settings=\"{&quot;jet_parallax_layout_list&quot;:[]}\">\n\t\t\t\t\t\t<div class=\"elementor-container elementor-column-gap-default\">\n\t\t\t\t\t<div class=\"elementor-column elementor-col-100 elementor-top-column elementor-element elementor-element-1c9d731\" data-id=\"1c9d731\" data-element_type=\"column\" data-e-type=\"column\">\n\t\t\t<div class=\"elementor-widget-wrap elementor-element-populated\">\n\t\t\t\t\t\t<div class=\"elementor-element elementor-element-aa98476 elementor-widget elementor-widget-image\" data-id=\"aa98476\" data-element_type=\"widget\" data-e-type=\"widget\" data-widget_type=\"image.default\">\n\t\t\t\t<div class=\"elementor-widget-container\">\n\t\t\t\t\t\t\t\t\t\t\t\t\t\t\t<img decoding=\"async\" src=\"https:\/\/wpviking.agency\/wp-content\/uploads\/2021\/11\/weboldal-keszites-mockup.png\" title=\"\" alt=\"\" loading=\"lazy\" \/>\t\t\t\t\t\t\t\t\t\t\t\t\t\t\t<\/div>\n\t\t\t\t<\/div>\n\t\t\t\t\t<\/div>\n\t\t<\/div>\n\t\t\t\t\t<\/div>\n\t\t<\/section>\n\t\t\t\t<\/div>\n\t\t","protected":false},"excerpt":{"rendered":"<p>Planning of a website always starts with the brand identity. The logo and the colors will determine the general impression of the entire website. The professional brand identity design is not only essential for a website, but every business needs it. Let&#8217;s work together! Why you should entrust us with your brand identity design? Brand [&hellip;]<\/p>\n","protected":false},"author":1,"featured_media":0,"parent":2836,"menu_order":0,"comment_status":"closed","ping_status":"closed","template":"","meta":{"footnotes":""},"class_list":["post-2878","page","type-page","status-publish","hentry"],"yoast_head":"<!-- This site is optimized with the Yoast SEO plugin v27.2 - https:\/\/yoast.com\/product\/yoast-seo-wordpress\/ -->\n<title>Graphic design works &#8211; WPViking Agency<\/title>\n<meta name=\"robots\" content=\"index, follow, max-snippet:-1, max-image-preview:large, max-video-preview:-1\" \/>\n<link rel=\"canonical\" href=\"https:\/\/wpviking.agency\/en\/services\/graphic-design-works\/\" \/>\n<meta property=\"og:locale\" content=\"en_US\" \/>\n<meta property=\"og:type\" content=\"article\" \/>\n<meta property=\"og:title\" content=\"Graphic design works &#8211; WPViking Agency\" \/>\n<meta property=\"og:description\" content=\"Planning of a website always starts with the brand identity. The logo and the colors will determine the general impression of the entire website. The professional brand identity design is not only essential for a website, but every business needs it. Let&#8217;s work together! Why you should entrust us with your brand identity design? Brand [&hellip;]\" \/>\n<meta property=\"og:url\" content=\"https:\/\/wpviking.agency\/en\/services\/graphic-design-works\/\" \/>\n<meta property=\"og:site_name\" content=\"WPViking Agency\" \/>\n<meta property=\"article:publisher\" content=\"https:\/\/www.facebook.com\/wpvikingagency\" \/>\n<meta property=\"article:modified_time\" content=\"2022-08-21T11:56:59+00:00\" \/>\n<meta property=\"og:image\" content=\"https:\/\/wpviking.agency\/wp-content\/uploads\/2022\/01\/grafikai-munkak.svg\" \/>\n<meta name=\"twitter:card\" content=\"summary_large_image\" \/>\n<meta name=\"twitter:label1\" content=\"Est. reading time\" \/>\n\t<meta name=\"twitter:data1\" content=\"1 minute\" \/>\n<script type=\"application\/ld+json\" class=\"yoast-schema-graph\">{\"@context\":\"https:\/\/schema.org\",\"@graph\":[{\"@type\":\"WebPage\",\"@id\":\"https:\/\/wpviking.agency\/en\/services\/graphic-design-works\/\",\"url\":\"https:\/\/wpviking.agency\/en\/services\/graphic-design-works\/\",\"name\":\"Graphic design works &#8211; WPViking Agency\",\"isPartOf\":{\"@id\":\"https:\/\/wpviking.agency\/en\/#website\"},\"primaryImageOfPage\":{\"@id\":\"https:\/\/wpviking.agency\/en\/services\/graphic-design-works\/#primaryimage\"},\"image\":{\"@id\":\"https:\/\/wpviking.agency\/en\/services\/graphic-design-works\/#primaryimage\"},\"thumbnailUrl\":\"https:\/\/wpviking.agency\/wp-content\/uploads\/2022\/01\/grafikai-munkak.svg\",\"datePublished\":\"2022-01-01T20:27:49+00:00\",\"dateModified\":\"2022-08-21T11:56:59+00:00\",\"breadcrumb\":{\"@id\":\"https:\/\/wpviking.agency\/en\/services\/graphic-design-works\/#breadcrumb\"},\"inLanguage\":\"en-US\",\"potentialAction\":[{\"@type\":\"ReadAction\",\"target\":[\"https:\/\/wpviking.agency\/en\/services\/graphic-design-works\/\"]}]},{\"@type\":\"ImageObject\",\"inLanguage\":\"en-US\",\"@id\":\"https:\/\/wpviking.agency\/en\/services\/graphic-design-works\/#primaryimage\",\"url\":\"https:\/\/wpviking.agency\/wp-content\/uploads\/2022\/01\/grafikai-munkak.svg\",\"contentUrl\":\"https:\/\/wpviking.agency\/wp-content\/uploads\/2022\/01\/grafikai-munkak.svg\"},{\"@type\":\"BreadcrumbList\",\"@id\":\"https:\/\/wpviking.agency\/en\/services\/graphic-design-works\/#breadcrumb\",\"itemListElement\":[{\"@type\":\"ListItem\",\"position\":1,\"name\":\"Kezd\u0151lap\",\"item\":\"https:\/\/wpviking.agency\/en\/\"},{\"@type\":\"ListItem\",\"position\":2,\"name\":\"Services\",\"item\":\"https:\/\/wpviking.agency\/en\/services\/\"},{\"@type\":\"ListItem\",\"position\":3,\"name\":\"Graphic design works\"}]},{\"@type\":\"WebSite\",\"@id\":\"https:\/\/wpviking.agency\/en\/#website\",\"url\":\"https:\/\/wpviking.agency\/en\/\",\"name\":\"WPViking Agency\",\"description\":\"Modern weboldal k\u00e9sz\u00edt\u00e9s kiemelked\u0151 eredm\u00e9nyekkel\",\"publisher\":{\"@id\":\"https:\/\/wpviking.agency\/en\/#organization\"},\"potentialAction\":[{\"@type\":\"SearchAction\",\"target\":{\"@type\":\"EntryPoint\",\"urlTemplate\":\"https:\/\/wpviking.agency\/en\/?s={search_term_string}\"},\"query-input\":{\"@type\":\"PropertyValueSpecification\",\"valueRequired\":true,\"valueName\":\"search_term_string\"}}],\"inLanguage\":\"en-US\"},{\"@type\":\"Organization\",\"@id\":\"https:\/\/wpviking.agency\/en\/#organization\",\"name\":\"WPViking Agency\",\"url\":\"https:\/\/wpviking.agency\/en\/\",\"logo\":{\"@type\":\"ImageObject\",\"inLanguage\":\"en-US\",\"@id\":\"https:\/\/wpviking.agency\/en\/#\/schema\/logo\/image\/\",\"url\":\"https:\/\/wpviking.agency\/wp-content\/uploads\/2021\/08\/wpviking-agency-logo.svg\",\"contentUrl\":\"https:\/\/wpviking.agency\/wp-content\/uploads\/2021\/08\/wpviking-agency-logo.svg\",\"width\":273,\"height\":70,\"caption\":\"WPViking Agency\"},\"image\":{\"@id\":\"https:\/\/wpviking.agency\/en\/#\/schema\/logo\/image\/\"},\"sameAs\":[\"https:\/\/www.facebook.com\/wpvikingagency\"]}]}<\/script>\n<!-- \/ Yoast SEO plugin. -->","yoast_head_json":{"title":"Graphic design works &#8211; WPViking Agency","robots":{"index":"index","follow":"follow","max-snippet":"max-snippet:-1","max-image-preview":"max-image-preview:large","max-video-preview":"max-video-preview:-1"},"canonical":"https:\/\/wpviking.agency\/en\/services\/graphic-design-works\/","og_locale":"en_US","og_type":"article","og_title":"Graphic design works &#8211; WPViking Agency","og_description":"Planning of a website always starts with the brand identity. The logo and the colors will determine the general impression of the entire website. The professional brand identity design is not only essential for a website, but every business needs it. Let&#8217;s work together! Why you should entrust us with your brand identity design? Brand [&hellip;]","og_url":"https:\/\/wpviking.agency\/en\/services\/graphic-design-works\/","og_site_name":"WPViking Agency","article_publisher":"https:\/\/www.facebook.com\/wpvikingagency","article_modified_time":"2022-08-21T11:56:59+00:00","og_image":[{"url":"https:\/\/wpviking.agency\/wp-content\/uploads\/2022\/01\/grafikai-munkak.svg","type":"","width":"","height":""}],"twitter_card":"summary_large_image","twitter_misc":{"Est. reading time":"1 minute"},"schema":{"@context":"https:\/\/schema.org","@graph":[{"@type":"WebPage","@id":"https:\/\/wpviking.agency\/en\/services\/graphic-design-works\/","url":"https:\/\/wpviking.agency\/en\/services\/graphic-design-works\/","name":"Graphic design works &#8211; WPViking Agency","isPartOf":{"@id":"https:\/\/wpviking.agency\/en\/#website"},"primaryImageOfPage":{"@id":"https:\/\/wpviking.agency\/en\/services\/graphic-design-works\/#primaryimage"},"image":{"@id":"https:\/\/wpviking.agency\/en\/services\/graphic-design-works\/#primaryimage"},"thumbnailUrl":"https:\/\/wpviking.agency\/wp-content\/uploads\/2022\/01\/grafikai-munkak.svg","datePublished":"2022-01-01T20:27:49+00:00","dateModified":"2022-08-21T11:56:59+00:00","breadcrumb":{"@id":"https:\/\/wpviking.agency\/en\/services\/graphic-design-works\/#breadcrumb"},"inLanguage":"en-US","potentialAction":[{"@type":"ReadAction","target":["https:\/\/wpviking.agency\/en\/services\/graphic-design-works\/"]}]},{"@type":"ImageObject","inLanguage":"en-US","@id":"https:\/\/wpviking.agency\/en\/services\/graphic-design-works\/#primaryimage","url":"https:\/\/wpviking.agency\/wp-content\/uploads\/2022\/01\/grafikai-munkak.svg","contentUrl":"https:\/\/wpviking.agency\/wp-content\/uploads\/2022\/01\/grafikai-munkak.svg"},{"@type":"BreadcrumbList","@id":"https:\/\/wpviking.agency\/en\/services\/graphic-design-works\/#breadcrumb","itemListElement":[{"@type":"ListItem","position":1,"name":"Kezd\u0151lap","item":"https:\/\/wpviking.agency\/en\/"},{"@type":"ListItem","position":2,"name":"Services","item":"https:\/\/wpviking.agency\/en\/services\/"},{"@type":"ListItem","position":3,"name":"Graphic design works"}]},{"@type":"WebSite","@id":"https:\/\/wpviking.agency\/en\/#website","url":"https:\/\/wpviking.agency\/en\/","name":"WPViking Agency","description":"Modern weboldal k\u00e9sz\u00edt\u00e9s kiemelked\u0151 eredm\u00e9nyekkel","publisher":{"@id":"https:\/\/wpviking.agency\/en\/#organization"},"potentialAction":[{"@type":"SearchAction","target":{"@type":"EntryPoint","urlTemplate":"https:\/\/wpviking.agency\/en\/?s={search_term_string}"},"query-input":{"@type":"PropertyValueSpecification","valueRequired":true,"valueName":"search_term_string"}}],"inLanguage":"en-US"},{"@type":"Organization","@id":"https:\/\/wpviking.agency\/en\/#organization","name":"WPViking Agency","url":"https:\/\/wpviking.agency\/en\/","logo":{"@type":"ImageObject","inLanguage":"en-US","@id":"https:\/\/wpviking.agency\/en\/#\/schema\/logo\/image\/","url":"https:\/\/wpviking.agency\/wp-content\/uploads\/2021\/08\/wpviking-agency-logo.svg","contentUrl":"https:\/\/wpviking.agency\/wp-content\/uploads\/2021\/08\/wpviking-agency-logo.svg","width":273,"height":70,"caption":"WPViking Agency"},"image":{"@id":"https:\/\/wpviking.agency\/en\/#\/schema\/logo\/image\/"},"sameAs":["https:\/\/www.facebook.com\/wpvikingagency"]}]}},"_links":{"self":[{"href":"https:\/\/wpviking.agency\/en\/wp-json\/wp\/v2\/pages\/2878","targetHints":{"allow":["GET"]}}],"collection":[{"href":"https:\/\/wpviking.agency\/en\/wp-json\/wp\/v2\/pages"}],"about":[{"href":"https:\/\/wpviking.agency\/en\/wp-json\/wp\/v2\/types\/page"}],"author":[{"embeddable":true,"href":"https:\/\/wpviking.agency\/en\/wp-json\/wp\/v2\/users\/1"}],"replies":[{"embeddable":true,"href":"https:\/\/wpviking.agency\/en\/wp-json\/wp\/v2\/comments?post=2878"}],"version-history":[{"count":0,"href":"https:\/\/wpviking.agency\/en\/wp-json\/wp\/v2\/pages\/2878\/revisions"}],"up":[{"embeddable":true,"href":"https:\/\/wpviking.agency\/en\/wp-json\/wp\/v2\/pages\/2836"}],"wp:attachment":[{"href":"https:\/\/wpviking.agency\/en\/wp-json\/wp\/v2\/media?parent=2878"}],"curies":[{"name":"wp","href":"https:\/\/api.w.org\/{rel}","templated":true}]}}