{"id":2850,"date":"2021-08-24T19:28:50","date_gmt":"2021-08-24T17:28:50","guid":{"rendered":"https:\/\/wpviking.agency\/contact\/"},"modified":"2023-07-09T08:18:52","modified_gmt":"2023-07-09T06:18:52","slug":"contact","status":"publish","type":"page","link":"https:\/\/wpviking.agency\/en\/contact\/","title":{"rendered":"Contact"},"content":{"rendered":"\t\t<div data-elementor-type=\"wp-page\" data-elementor-id=\"2850\" class=\"elementor elementor-2850 elementor-239\" data-elementor-post-type=\"page\">\n\t\t\t\t\t\t<section class=\"elementor-section elementor-top-section elementor-element elementor-element-f67e501 elementor-section-content-middle elementor-section-boxed elementor-section-height-default elementor-section-height-default\" data-id=\"f67e501\" data-element_type=\"section\" data-e-type=\"section\" data-settings=\"{&quot;jet_parallax_layout_list&quot;:[]}\">\n\t\t\t\t\t\t<div class=\"elementor-container elementor-column-gap-default\">\n\t\t\t\t\t<div class=\"elementor-column elementor-col-66 elementor-top-column elementor-element elementor-element-02593a1\" data-id=\"02593a1\" data-element_type=\"column\" data-e-type=\"column\">\n\t\t\t<div class=\"elementor-widget-wrap elementor-element-populated\">\n\t\t\t\t\t\t<div class=\"elementor-element elementor-element-62e6bf3 elementor-widget elementor-widget-text-editor\" data-id=\"62e6bf3\" data-element_type=\"widget\" data-e-type=\"widget\" data-widget_type=\"text-editor.default\">\n\t\t\t\t<div class=\"elementor-widget-container\">\n\t\t\t\t\t\t\t\t\t<p>Do you have any questions or would you like to request a quotation?<br \/>Write to us and we will contact you! \ud83d\ude42<\/p>\n\t\t\t\t\t\t\t\t<\/div>\n\t\t\t\t<\/div>\n\t\t\t\t\t<\/div>\n\t\t<\/div>\n\t\t\t\t<div class=\"elementor-column elementor-col-33 elementor-top-column elementor-element elementor-element-97d7711\" data-id=\"97d7711\" data-element_type=\"column\" data-e-type=\"column\">\n\t\t\t<div class=\"elementor-widget-wrap elementor-element-populated\">\n\t\t\t\t\t\t<div class=\"elementor-element elementor-element-91fe76c elementor-widget__width-auto elementor-widget-divider--view-line elementor-widget elementor-widget-divider\" data-id=\"91fe76c\" data-element_type=\"widget\" data-e-type=\"widget\" data-widget_type=\"divider.default\">\n\t\t\t\t<div class=\"elementor-widget-container\">\n\t\t\t\t\t\t\t<div class=\"elementor-divider\">\n\t\t\t<span class=\"elementor-divider-separator\">\n\t\t\t\t\t\t<\/span>\n\t\t<\/div>\n\t\t\t\t\t\t<\/div>\n\t\t\t\t<\/div>\n\t\t\t\t<div class=\"elementor-element elementor-element-aa76c67 elementor-widget__width-auto elementor-widget elementor-widget-heading\" data-id=\"aa76c67\" data-element_type=\"widget\" data-e-type=\"widget\" data-widget_type=\"heading.default\">\n\t\t\t\t<div class=\"elementor-widget-container\">\n\t\t\t\t\t<h2 class=\"elementor-heading-title elementor-size-default\">Contact info<\/h2>\t\t\t\t<\/div>\n\t\t\t\t<\/div>\n\t\t\t\t<div class=\"elementor-element elementor-element-cd765c5 sargalink elementor-widget elementor-widget-text-editor\" data-id=\"cd765c5\" data-element_type=\"widget\" data-e-type=\"widget\" data-widget_type=\"text-editor.default\">\n\t\t\t\t<div class=\"elementor-widget-container\">\n\t\t\t\t\t\t\t\t\t<p><a href=\"mailto:hello@wpviking.agency\">hello@wpviking.agency<\/a><\/p>\n\t\t\t\t\t\t\t\t<\/div>\n\t\t\t\t<\/div>\n\t\t\t\t\t<\/div>\n\t\t<\/div>\n\t\t\t\t\t<\/div>\n\t\t<\/section>\n\t\t\t\t<section class=\"elementor-section elementor-top-section elementor-element elementor-element-6e8b532 elementor-section-boxed elementor-section-height-default elementor-section-height-default\" data-id=\"6e8b532\" data-element_type=\"section\" data-e-type=\"section\" data-settings=\"{&quot;jet_parallax_layout_list&quot;:[]}\">\n\t\t\t\t\t\t<div class=\"elementor-container elementor-column-gap-default\">\n\t\t\t\t\t<div class=\"elementor-column elementor-col-50 elementor-top-column elementor-element elementor-element-e1c68df\" data-id=\"e1c68df\" data-element_type=\"column\" data-e-type=\"column\">\n\t\t\t<div class=\"elementor-widget-wrap elementor-element-populated\">\n\t\t\t\t\t\t<div class=\"elementor-element elementor-element-607dc86b fluentform-widget-submit-button-full-width fluent-form-widget-step-header-yes fluent-form-widget-step-progressbar-yes elementor-widget elementor-widget-fluent-form-widget\" data-id=\"607dc86b\" data-element_type=\"widget\" data-e-type=\"widget\" data-widget_type=\"fluent-form-widget.default\">\n\t\t\t\t<div class=\"elementor-widget-container\">\n\t\t\t\t\t\n            <div class=\"fluentform-widget-wrapper fluentform-widget-custom-radio-checkbox\">\n\n            \n            <div class='fluentform ff-default fluentform_wrapper_13 ffs_default_wrap'><form data-form_id=\"13\" id=\"fluentform_13\" class=\"frm-fluent-form fluent_form_13 ff-el-form-top ff_form_instance_13_1 ff-form-loading ffs_default\" data-form_instance=\"ff_form_instance_13_1\" method=\"POST\" data-turnstile_key=\"0x4AAAAAABAl3cNYTTzQMLzT\" ><fieldset  style=\"border: none!important;margin: 0!important;padding: 0!important;background-color: transparent!important;box-shadow: none!important;outline: none!important; min-inline-size: 100%;\">\n                    <legend class=\"ff_screen_reader_title\" style=\"display: block; margin: 0!important;padding: 0!important;height: 0!important;text-indent: -999999px;width: 0!important;overflow:hidden;\">Kapcsolat (ANGOL)<\/legend>        <div\n                style=\"display: none!important; position: absolute!important; transform: translateX(1000%)!important;\"\n                class=\"ff-el-group ff-hpsf-container\"\n        >\n            <div class=\"ff-el-input--label asterisk-right\">\n                <label for=\"ff_13_item_sf\" aria-label=\"Subscribe\">\n                    Subscribe                <\/label>\n            <\/div>\n            <div class=\"ff-el-input--content\">\n                <input type=\"text\"\n                       name=\"item_13__fluent_sf\"\n                       class=\"ff-el-form-control\"\n                       id=\"ff_13_item_sf\"\n                \/>\n            <\/div>\n        <\/div>\n        <input type='hidden' name='__fluent_form_embded_post_id' value='2850' \/><input type=\"hidden\" id=\"_fluentform_13_fluentformnonce\" name=\"_fluentform_13_fluentformnonce\" value=\"5fa7bd4e52\" \/><input type=\"hidden\" name=\"_wp_http_referer\" value=\"\/en\/wp-json\/wp\/v2\/pages\/2850\" \/><div data-name=\"ff_cn_id_1\"  class='ff-t-container ff-column-container ff_columns_total_2 '><div class='ff-t-cell ff-t-column-1' style='flex-basis: 50%;'><div class='ff-el-group'><div class=\"ff-el-input--label ff-el-is-required asterisk-right\"><label for='ff_13_teljes_nev' id='label_ff_13_teljes_nev' aria-label=\"Full name\">Full name<\/label><\/div><div class='ff-el-input--content'><input type=\"text\" name=\"teljes_nev\" class=\"ff-el-form-control\" placeholder=\"Full name\" data-name=\"teljes_nev\" id=\"ff_13_teljes_nev\"  aria-invalid=\"false\" aria-required=true><\/div><\/div><\/div><div class='ff-t-cell ff-t-column-2' style='flex-basis: 50%;'><div class='ff-el-group'><div class=\"ff-el-input--label ff-el-is-required asterisk-right\"><label for='ff_13_email' id='label_ff_13_email' aria-label=\"Email address\">Email address<\/label><\/div><div class='ff-el-input--content'><input type=\"email\" name=\"email\" id=\"ff_13_email\" class=\"ff-el-form-control\" placeholder=\"Email address\" data-name=\"email\"  aria-invalid=\"false\" aria-required=true><\/div><\/div><\/div><\/div><div data-name=\"ff_cn_id_2\"  class='ff-t-container ff-column-container ff_columns_total_2 '><div class='ff-t-cell ff-t-column-1' style='flex-basis: 50%;'><div class='ff-el-group'><div class=\"ff-el-input--label asterisk-right\"><label for='ff_13_mobilszam' id='label_ff_13_mobilszam' aria-label=\"Mobile\">Mobile<\/label><\/div><div class='ff-el-input--content'><input type=\"text\" name=\"mobilszam\" class=\"ff-el-form-control\" placeholder=\"Mobile\" data-name=\"mobilszam\" id=\"ff_13_mobilszam\"  aria-invalid=\"false\" aria-required=false><\/div><\/div><\/div><div class='ff-t-cell ff-t-column-2' style='flex-basis: 50%;'><div class='ff-el-group'><div class=\"ff-el-input--label asterisk-right\"><label for='ff_13_cegnev' id='label_ff_13_cegnev' aria-label=\"Company name\">Company name<\/label><\/div><div class='ff-el-input--content'><input type=\"text\" name=\"cegnev\" class=\"ff-el-form-control\" placeholder=\"Company name\" data-name=\"cegnev\" id=\"ff_13_cegnev\"  aria-invalid=\"false\" aria-required=false><\/div><\/div><\/div><\/div><div class='ff-el-group'><div class=\"ff-el-input--label asterisk-right\"><label for='ff_13_weboldal' id='label_ff_13_weboldal' aria-label=\"Website\">Website<\/label><\/div><div class='ff-el-input--content'><input type=\"text\" name=\"weboldal\" class=\"ff-el-form-control\" placeholder=\"Website\" data-name=\"weboldal\" id=\"ff_13_weboldal\"  aria-invalid=\"false\" aria-required=false><\/div><\/div><div class='ff-el-group  ff_list_2col'><div class=\"ff-el-input--label ff-el-is-required asterisk-right\"><label   aria-label=\"Services\">Services<\/label><\/div><div class='ff-el-input--content'><div class='ff-el-form-check ff-el-form-check-'><label class='ff-el-form-check-label' for='miben_segithetunk_ef403da61cd810b256bafa28bade4e6f'><input  type=\"checkbox\" name=\"miben_segithetunk[]\" data-name=\"miben_segithetunk\" class=\"ff-el-form-check-input ff-el-form-check-checkbox\" value=\"Website\"  id='miben_segithetunk_ef403da61cd810b256bafa28bade4e6f' aria-label='Website' aria-invalid='false' aria-required=true> <span>Website<\/span><\/label><\/div><div class='ff-el-form-check ff-el-form-check-'><label class='ff-el-form-check-label' for='miben_segithetunk_8fce867486bf225442da7ec3d3533fe4'><input  type=\"checkbox\" name=\"miben_segithetunk[]\" data-name=\"miben_segithetunk\" class=\"ff-el-form-check-input ff-el-form-check-checkbox\" value=\"Webshop\"  id='miben_segithetunk_8fce867486bf225442da7ec3d3533fe4' aria-label='Webshop' aria-invalid='false' aria-required=true> <span>Webshop<\/span><\/label><\/div><div class='ff-el-form-check ff-el-form-check-'><label class='ff-el-form-check-label' for='miben_segithetunk_402c2bc7ecfd1ea7192cd9e924a5a8db'><input  type=\"checkbox\" name=\"miben_segithetunk[]\" data-name=\"miben_segithetunk\" class=\"ff-el-form-check-input ff-el-form-check-checkbox\" value=\"Website maintenance\"  id='miben_segithetunk_402c2bc7ecfd1ea7192cd9e924a5a8db' aria-label='Website maintenance' aria-invalid='false' aria-required=true> <span>Website maintenance<\/span><\/label><\/div><div class='ff-el-form-check ff-el-form-check-'><label class='ff-el-form-check-label' for='miben_segithetunk_1626fe12835d397d5340af5c89fcc223'><input  type=\"checkbox\" name=\"miben_segithetunk[]\" data-name=\"miben_segithetunk\" class=\"ff-el-form-check-input ff-el-form-check-checkbox\" value=\"Appointment booking system\"  id='miben_segithetunk_1626fe12835d397d5340af5c89fcc223' aria-label='Appointment booking system' aria-invalid='false' aria-required=true> <span>Appointment booking system<\/span><\/label><\/div><div class='ff-el-form-check ff-el-form-check-'><label class='ff-el-form-check-label' for='miben_segithetunk_9d92bcd84e298918237260d823971fa0'><input  type=\"checkbox\" name=\"miben_segithetunk[]\" data-name=\"miben_segithetunk\" class=\"ff-el-form-check-input ff-el-form-check-checkbox\" value=\"Graphic design\"  id='miben_segithetunk_9d92bcd84e298918237260d823971fa0' aria-label='Graphic design' aria-invalid='false' aria-required=true> <span>Graphic design<\/span><\/label><\/div><div class='ff-el-form-check ff-el-form-check-'><label class='ff-el-form-check-label' for='miben_segithetunk_46ee00883ea855211ee7bd77c3075ca5'><input  type=\"checkbox\" name=\"miben_segithetunk[]\" data-name=\"miben_segithetunk\" class=\"ff-el-form-check-input ff-el-form-check-checkbox\" value=\"Education\"  id='miben_segithetunk_46ee00883ea855211ee7bd77c3075ca5' aria-label='Education' aria-invalid='false' aria-required=true> <span>Education<\/span><\/label><\/div><div class='ff-el-form-check ff-el-form-check-'><label class='ff-el-form-check-label' for='miben_segithetunk_0d6b9c52d9125619020cf2fe7457a9b0'><input  type=\"checkbox\" name=\"miben_segithetunk[]\" data-name=\"miben_segithetunk\" class=\"ff-el-form-check-input ff-el-form-check-checkbox\" value=\"Google Workspace\"  id='miben_segithetunk_0d6b9c52d9125619020cf2fe7457a9b0' aria-label='Google Workspace' aria-invalid='false' aria-required=true> <span>Google Workspace<\/span><\/label><\/div><div class='ff-el-form-check ff-el-form-check-'><label class='ff-el-form-check-label' for='miben_segithetunk_13e89cf45428a130086ad4ae9d77b26a'><input  type=\"checkbox\" name=\"miben_segithetunk[]\" data-name=\"miben_segithetunk\" class=\"ff-el-form-check-input ff-el-form-check-checkbox\" value=\"Other\"  id='miben_segithetunk_13e89cf45428a130086ad4ae9d77b26a' aria-label='Other' aria-invalid='false' aria-required=true> <span>Other<\/span><\/label><\/div><\/div><\/div><div class='ff-el-group'><div class=\"ff-el-input--label asterisk-right\"><label for='ff_13_honnan_hallottal_rolunk' id='label_ff_13_honnan_hallottal_rolunk' aria-label=\"How did you hear about us?\">How did you hear about us?<\/label><\/div><div class='ff-el-input--content'><input type=\"text\" name=\"honnan_hallottal_rolunk\" class=\"ff-el-form-control\" placeholder=\"How did you hear about us?\" data-name=\"honnan_hallottal_rolunk\" id=\"ff_13_honnan_hallottal_rolunk\"  aria-invalid=\"false\" aria-required=false><\/div><\/div><div class='ff-el-group'><div class=\"ff-el-input--label ff-el-is-required asterisk-right\"><label for='ff_13_uzenet' id='label_ff_13_uzenet' aria-label=\"Message\">Message<\/label><\/div><div class='ff-el-input--content'><textarea aria-required=\"true\" aria-labelledby=\"label_ff_13_uzenet\" name=\"uzenet\" id=\"ff_13_uzenet\" class=\"ff-el-form-control\" placeholder=\"Message\" rows=\"3\" cols=\"2\" data-name=\"uzenet\" ><\/textarea><\/div><\/div><div class='ff-el-group    ff-el-input--content'><div class='ff-el-form-check ff-el-tc'><label aria-label='Terms and Conditions: By submitting this form, you agree to our Privacy Policy. Contains 1 link. Use tab navigation to review.' class='ff-el-form-check-label ff_tc_label' for=gdpr_b9f8f2d5cb5cd00293573c443843dd1d><span class='ff_tc_checkbox'><input type=\"checkbox\" name=\"gdpr\" class=\"ff-el-form-check-input gdpr\" data-name=\"gdpr\" id=\"gdpr_b9f8f2d5cb5cd00293573c443843dd1d\"  value='on' aria-invalid='false' aria-required=true><\/span> <div class='ff_t_c'>By submitting this form, you agree to our <a href=\"\/adatvedelmi-nyilatkozat\/\" target=\"_blank\">Privacy Policy<\/a>.<\/div><\/label><\/div><\/div><div class='ff-el-group ' ><div class='ff-el-input--content'><div data-fluent_id='13' name='cf-turnstile-response'><div\n\t\tdata-sitekey='0x4AAAAAABAl3cNYTTzQMLzT'\n\t\tdata-theme='auto'\n\t\tid='fluentform-turnstile-13-1'\n\t\tclass='ff-el-turnstile cf-turnstile'\n\t\tdata-appearance='always'><\/div><\/div><\/div><\/div><div class='ff-el-group ff-text-left ff_submit_btn_wrapper ff_submit_btn_wrapper_custom'><button class=\"ff-btn ff-btn-submit ff-btn-md ff_btn_style wpf_has_custom_css\" type=\"submit\" name=\"custom_submit_button-13_1\" data-name=\"custom_submit_button-13_1\"  aria-label=\"Submit form\">Submit form<\/button><style>form.fluent_form_13 .wpf_has_custom_css.ff-btn-submit { background-color:#409EFF;border-color:#409EFF;color:#ffffff;min-width:100%; }form.fluent_form_13 .wpf_has_custom_css.ff-btn-submit:hover { background-color:#ffffff;border-color:#409EFF;color:#409EFF;min-width:100%; } <\/style><\/div><\/fieldset><\/form><div id='fluentform_13_errors' class='ff-errors-in-stack ff_form_instance_13_1 ff-form-loading_errors ff_form_instance_13_1_errors'><\/div><\/div>            <script type=\"text\/javascript\">\n                window.fluent_form_ff_form_instance_13_1 = {\"id\":\"13\",\"settings\":{\"layout\":{\"labelPlacement\":\"top\",\"helpMessagePlacement\":\"after_label\",\"errorMessagePlacement\":\"inline\",\"asteriskPlacement\":\"asterisk-right\"},\"restrictions\":{\"denyEmptySubmission\":{\"enabled\":false}}},\"form_instance\":\"ff_form_instance_13_1\",\"form_id_selector\":\"fluentform_13\",\"rules\":{\"teljes_nev\":{\"required\":{\"value\":true,\"message\":\"Required\",\"global\":false,\"global_message\":\"K\\u00f6telez\\u0151 mez\\u0151\"}},\"email\":{\"required\":{\"value\":true,\"message\":\"Required\",\"global\":false,\"global_message\":\"K\\u00f6telez\\u0151 mez\\u0151\"},\"email\":{\"value\":true,\"message\":\"This field must contain a valid email\",\"global\":false,\"global_message\":\"Nem megfelel\\u0151 e-mail c\\u00edm\"}},\"mobilszam\":{\"required\":{\"value\":false,\"message\":\"K\\u00f6telez\\u0151 mez\\u0151.\",\"global\":false,\"global_message\":\"K\\u00f6telez\\u0151 mez\\u0151\"}},\"cegnev\":{\"required\":{\"value\":false,\"message\":\"K\\u00f6telez\\u0151 mez\\u0151.\",\"global\":false,\"global_message\":\"K\\u00f6telez\\u0151 mez\\u0151\"}},\"weboldal\":{\"required\":{\"value\":false,\"message\":\"This field is required\",\"global\":false,\"global_message\":\"K\\u00f6telez\\u0151 mez\\u0151\"}},\"miben_segithetunk\":{\"required\":{\"value\":true,\"message\":\"Required\",\"global\":false,\"global_message\":\"K\\u00f6telez\\u0151 mez\\u0151\"}},\"honnan_hallottal_rolunk\":{\"required\":{\"value\":false,\"message\":\"This field is required\",\"global\":false,\"global_message\":\"K\\u00f6telez\\u0151 mez\\u0151\"}},\"uzenet\":{\"required\":{\"value\":true,\"message\":\"K\\u00f6telez\\u0151 mez\\u0151.\",\"global\":false,\"global_message\":\"K\\u00f6telez\\u0151 mez\\u0151\"}},\"gdpr\":{\"required\":{\"value\":true,\"message\":\"Required\",\"global\":false,\"global_message\":\"K\\u00f6telez\\u0151 mez\\u0151\"}},\"cf-turnstile-response\":[]},\"debounce_time\":300};\n                            <\/script>\n                        <\/div>\n\n            \t\t\t\t<\/div>\n\t\t\t\t<\/div>\n\t\t\t\t\t<\/div>\n\t\t<\/div>\n\t\t\t\t<div class=\"elementor-column elementor-col-50 elementor-top-column elementor-element elementor-element-b06a387\" data-id=\"b06a387\" data-element_type=\"column\" data-e-type=\"column\">\n\t\t\t<div class=\"elementor-widget-wrap\">\n\t\t\t\t\t\t\t<\/div>\n\t\t<\/div>\n\t\t\t\t\t<\/div>\n\t\t<\/section>\n\t\t\t\t<\/div>\n\t\t","protected":false},"excerpt":{"rendered":"<p>Do you have any questions or would you like to request a quotation?Write to us and we will contact you! \ud83d\ude42 Contact info hello@wpviking.agency Kapcsolat (ANGOL) &#916; Full name Email address Mobile Company name Website Services Website Webshop Website maintenance Appointment booking system Graphic design Education Google Workspace OtherHow did you hear about us? Message [&hellip;]<\/p>\n","protected":false},"author":1,"featured_media":0,"parent":0,"menu_order":0,"comment_status":"closed","ping_status":"closed","template":"","meta":{"footnotes":""},"class_list":["post-2850","page","type-page","status-publish","hentry"],"yoast_head":"<!-- This site is optimized with the Yoast SEO plugin v27.3 - https:\/\/yoast.com\/product\/yoast-seo-wordpress\/ -->\n<title>Contact &#8211; WPViking Agency<\/title>\n<meta name=\"robots\" content=\"index, follow, max-snippet:-1, max-image-preview:large, max-video-preview:-1\" \/>\n<link rel=\"canonical\" href=\"https:\/\/wpviking.agency\/en\/contact\/\" \/>\n<meta property=\"og:locale\" content=\"en_US\" \/>\n<meta property=\"og:type\" content=\"article\" \/>\n<meta property=\"og:title\" content=\"Contact &#8211; WPViking Agency\" \/>\n<meta property=\"og:description\" content=\"Do you have any questions or would you like to request a quotation?Write to us and we will contact you! \ud83d\ude42 Contact info hello@wpviking.agency Kapcsolat (ANGOL) &#916; Full name Email address Mobile Company name Website Services Website Webshop Website maintenance Appointment booking system Graphic design Education Google Workspace OtherHow did you hear about us? Message [&hellip;]\" \/>\n<meta property=\"og:url\" content=\"https:\/\/wpviking.agency\/en\/contact\/\" \/>\n<meta property=\"og:site_name\" content=\"WPViking Agency\" \/>\n<meta property=\"article:publisher\" content=\"https:\/\/www.facebook.com\/wpvikingagency\" \/>\n<meta property=\"article:modified_time\" content=\"2023-07-09T06:18:52+00:00\" \/>\n<meta property=\"og:image\" content=\"https:\/\/wpviking.agency\/wp-content\/uploads\/2022\/01\/wpviking-agency-facebook.png\" \/>\n\t<meta property=\"og:image:width\" content=\"1200\" \/>\n\t<meta property=\"og:image:height\" content=\"630\" \/>\n\t<meta property=\"og:image:type\" content=\"image\/png\" \/>\n<meta name=\"twitter:card\" content=\"summary_large_image\" \/>\n<meta name=\"twitter:label1\" content=\"Est. reading time\" \/>\n\t<meta name=\"twitter:data1\" content=\"1 minute\" \/>\n<script type=\"application\/ld+json\" class=\"yoast-schema-graph\">{\"@context\":\"https:\\\/\\\/schema.org\",\"@graph\":[{\"@type\":\"WebPage\",\"@id\":\"https:\\\/\\\/wpviking.agency\\\/en\\\/contact\\\/\",\"url\":\"https:\\\/\\\/wpviking.agency\\\/en\\\/contact\\\/\",\"name\":\"Contact &#8211; WPViking Agency\",\"isPartOf\":{\"@id\":\"https:\\\/\\\/wpviking.agency\\\/en\\\/#website\"},\"datePublished\":\"2021-08-24T17:28:50+00:00\",\"dateModified\":\"2023-07-09T06:18:52+00:00\",\"breadcrumb\":{\"@id\":\"https:\\\/\\\/wpviking.agency\\\/en\\\/contact\\\/#breadcrumb\"},\"inLanguage\":\"en-US\",\"potentialAction\":[{\"@type\":\"ReadAction\",\"target\":[\"https:\\\/\\\/wpviking.agency\\\/en\\\/contact\\\/\"]}]},{\"@type\":\"BreadcrumbList\",\"@id\":\"https:\\\/\\\/wpviking.agency\\\/en\\\/contact\\\/#breadcrumb\",\"itemListElement\":[{\"@type\":\"ListItem\",\"position\":1,\"name\":\"Kezd\u0151lap\",\"item\":\"https:\\\/\\\/wpviking.agency\\\/en\\\/\"},{\"@type\":\"ListItem\",\"position\":2,\"name\":\"Contact\"}]},{\"@type\":\"WebSite\",\"@id\":\"https:\\\/\\\/wpviking.agency\\\/en\\\/#website\",\"url\":\"https:\\\/\\\/wpviking.agency\\\/en\\\/\",\"name\":\"WPViking Agency\",\"description\":\"Modern weboldal k\u00e9sz\u00edt\u00e9s kiemelked\u0151 eredm\u00e9nyekkel\",\"publisher\":{\"@id\":\"https:\\\/\\\/wpviking.agency\\\/en\\\/#organization\"},\"potentialAction\":[{\"@type\":\"SearchAction\",\"target\":{\"@type\":\"EntryPoint\",\"urlTemplate\":\"https:\\\/\\\/wpviking.agency\\\/en\\\/?s={search_term_string}\"},\"query-input\":{\"@type\":\"PropertyValueSpecification\",\"valueRequired\":true,\"valueName\":\"search_term_string\"}}],\"inLanguage\":\"en-US\"},{\"@type\":\"Organization\",\"@id\":\"https:\\\/\\\/wpviking.agency\\\/en\\\/#organization\",\"name\":\"WPViking Agency\",\"url\":\"https:\\\/\\\/wpviking.agency\\\/en\\\/\",\"logo\":{\"@type\":\"ImageObject\",\"inLanguage\":\"en-US\",\"@id\":\"https:\\\/\\\/wpviking.agency\\\/en\\\/#\\\/schema\\\/logo\\\/image\\\/\",\"url\":\"https:\\\/\\\/wpviking.agency\\\/wp-content\\\/uploads\\\/2021\\\/08\\\/wpviking-agency-logo.svg\",\"contentUrl\":\"https:\\\/\\\/wpviking.agency\\\/wp-content\\\/uploads\\\/2021\\\/08\\\/wpviking-agency-logo.svg\",\"width\":273,\"height\":70,\"caption\":\"WPViking Agency\"},\"image\":{\"@id\":\"https:\\\/\\\/wpviking.agency\\\/en\\\/#\\\/schema\\\/logo\\\/image\\\/\"},\"sameAs\":[\"https:\\\/\\\/www.facebook.com\\\/wpvikingagency\"]}]}<\/script>\n<!-- \/ Yoast SEO plugin. -->","yoast_head_json":{"title":"Contact &#8211; WPViking Agency","robots":{"index":"index","follow":"follow","max-snippet":"max-snippet:-1","max-image-preview":"max-image-preview:large","max-video-preview":"max-video-preview:-1"},"canonical":"https:\/\/wpviking.agency\/en\/contact\/","og_locale":"en_US","og_type":"article","og_title":"Contact &#8211; WPViking Agency","og_description":"Do you have any questions or would you like to request a quotation?Write to us and we will contact you! \ud83d\ude42 Contact info hello@wpviking.agency Kapcsolat (ANGOL) &#916; Full name Email address Mobile Company name Website Services Website Webshop Website maintenance Appointment booking system Graphic design Education Google Workspace OtherHow did you hear about us? Message [&hellip;]","og_url":"https:\/\/wpviking.agency\/en\/contact\/","og_site_name":"WPViking Agency","article_publisher":"https:\/\/www.facebook.com\/wpvikingagency","article_modified_time":"2023-07-09T06:18:52+00:00","og_image":[{"width":1200,"height":630,"url":"https:\/\/wpviking.agency\/wp-content\/uploads\/2022\/01\/wpviking-agency-facebook.png","type":"image\/png"}],"twitter_card":"summary_large_image","twitter_misc":{"Est. reading time":"1 minute"},"schema":{"@context":"https:\/\/schema.org","@graph":[{"@type":"WebPage","@id":"https:\/\/wpviking.agency\/en\/contact\/","url":"https:\/\/wpviking.agency\/en\/contact\/","name":"Contact &#8211; WPViking Agency","isPartOf":{"@id":"https:\/\/wpviking.agency\/en\/#website"},"datePublished":"2021-08-24T17:28:50+00:00","dateModified":"2023-07-09T06:18:52+00:00","breadcrumb":{"@id":"https:\/\/wpviking.agency\/en\/contact\/#breadcrumb"},"inLanguage":"en-US","potentialAction":[{"@type":"ReadAction","target":["https:\/\/wpviking.agency\/en\/contact\/"]}]},{"@type":"BreadcrumbList","@id":"https:\/\/wpviking.agency\/en\/contact\/#breadcrumb","itemListElement":[{"@type":"ListItem","position":1,"name":"Kezd\u0151lap","item":"https:\/\/wpviking.agency\/en\/"},{"@type":"ListItem","position":2,"name":"Contact"}]},{"@type":"WebSite","@id":"https:\/\/wpviking.agency\/en\/#website","url":"https:\/\/wpviking.agency\/en\/","name":"WPViking Agency","description":"Modern weboldal k\u00e9sz\u00edt\u00e9s kiemelked\u0151 eredm\u00e9nyekkel","publisher":{"@id":"https:\/\/wpviking.agency\/en\/#organization"},"potentialAction":[{"@type":"SearchAction","target":{"@type":"EntryPoint","urlTemplate":"https:\/\/wpviking.agency\/en\/?s={search_term_string}"},"query-input":{"@type":"PropertyValueSpecification","valueRequired":true,"valueName":"search_term_string"}}],"inLanguage":"en-US"},{"@type":"Organization","@id":"https:\/\/wpviking.agency\/en\/#organization","name":"WPViking Agency","url":"https:\/\/wpviking.agency\/en\/","logo":{"@type":"ImageObject","inLanguage":"en-US","@id":"https:\/\/wpviking.agency\/en\/#\/schema\/logo\/image\/","url":"https:\/\/wpviking.agency\/wp-content\/uploads\/2021\/08\/wpviking-agency-logo.svg","contentUrl":"https:\/\/wpviking.agency\/wp-content\/uploads\/2021\/08\/wpviking-agency-logo.svg","width":273,"height":70,"caption":"WPViking Agency"},"image":{"@id":"https:\/\/wpviking.agency\/en\/#\/schema\/logo\/image\/"},"sameAs":["https:\/\/www.facebook.com\/wpvikingagency"]}]}},"_links":{"self":[{"href":"https:\/\/wpviking.agency\/en\/wp-json\/wp\/v2\/pages\/2850","targetHints":{"allow":["GET"]}}],"collection":[{"href":"https:\/\/wpviking.agency\/en\/wp-json\/wp\/v2\/pages"}],"about":[{"href":"https:\/\/wpviking.agency\/en\/wp-json\/wp\/v2\/types\/page"}],"author":[{"embeddable":true,"href":"https:\/\/wpviking.agency\/en\/wp-json\/wp\/v2\/users\/1"}],"replies":[{"embeddable":true,"href":"https:\/\/wpviking.agency\/en\/wp-json\/wp\/v2\/comments?post=2850"}],"version-history":[{"count":0,"href":"https:\/\/wpviking.agency\/en\/wp-json\/wp\/v2\/pages\/2850\/revisions"}],"wp:attachment":[{"href":"https:\/\/wpviking.agency\/en\/wp-json\/wp\/v2\/media?parent=2850"}],"curies":[{"name":"wp","href":"https:\/\/api.w.org\/{rel}","templated":true}]}}